{"id":11368,"date":"2025-10-01T08:19:17","date_gmt":"2025-10-01T08:19:17","guid":{"rendered":"https:\/\/digitalpresence.be\/?post_type=product&#038;p=11368"},"modified":"2025-10-01T08:24:11","modified_gmt":"2025-10-01T08:24:11","slug":"velassima","status":"publish","type":"product","link":"https:\/\/www.digitalpresence.be\/en\/ref\/velassima\/","title":{"rendered":"V\u00e9lassima"},"content":{"rendered":"","protected":false},"excerpt":{"rendered":"<p>WordPress website development for V\u00e9lassima (in French). Custom design and implementation on WordPress. V\u00e9lassima is a French company that supports you in acquiring the boat of your dreams, and also offers delivery services as well as personalized coaching.<\/p>\n<p><a class=\"btn btn-color-white btn-style-bordered btn-style-round btn-size-default\" title=\"Lock'O\" href=\"https:\/\/www.locko.be\/\" target=\"_blank\" rel=\"noopener\">View website<\/a><\/p>\n","protected":false},"featured_media":11364,"template":"","meta":[],"product_brand":[],"product_cat":[117],"product_tag":[125,133,131,127],"class_list":{"0":"post-11368","1":"product","2":"type-product","3":"status-publish","4":"has-post-thumbnail","6":"product_cat-wordpress-en","7":"product_tag-french","8":"product_tag-sea-en","9":"product_tag-security","10":"product_tag-seo-en","12":"first","13":"instock","14":"shipping-taxable","15":"product-type-simple"},"yoast_head":"<!-- This site is optimized with the Yoast SEO plugin v27.0 - https:\/\/yoast.com\/product\/yoast-seo-wordpress\/ -->\n<title>V\u00e9lassima - Digital Presence<\/title>\n<meta name=\"robots\" content=\"index, follow, max-snippet:-1, max-image-preview:large, max-video-preview:-1\" \/>\n<link rel=\"canonical\" href=\"https:\/\/www.digitalpresence.be\/en\/ref\/velassima\/\" \/>\n<meta property=\"og:locale\" content=\"en_US\" \/>\n<meta property=\"og:type\" content=\"article\" \/>\n<meta property=\"og:title\" content=\"V\u00e9lassima - Digital Presence\" \/>\n<meta property=\"og:description\" content=\"WordPress website development for V\u00e9lassima (in French). Custom design and implementation on WordPress. V\u00e9lassima is a French company that supports you in acquiring the boat of your dreams, and also offers delivery services as well as personalized coaching.  View website\" \/>\n<meta property=\"og:url\" content=\"https:\/\/www.digitalpresence.be\/en\/ref\/velassima\/\" \/>\n<meta property=\"og:site_name\" content=\"Digital Presence\" \/>\n<meta property=\"article:modified_time\" content=\"2025-10-01T08:24:11+00:00\" \/>\n<meta property=\"og:image\" content=\"https:\/\/www.digitalpresence.be\/wp-content\/uploads\/2025\/10\/velassima-ref.webp\" \/>\n\t<meta property=\"og:image:width\" content=\"600\" \/>\n\t<meta property=\"og:image:height\" content=\"450\" \/>\n\t<meta property=\"og:image:type\" content=\"image\/webp\" \/>\n<meta name=\"twitter:card\" content=\"summary_large_image\" \/>\n<meta name=\"twitter:label1\" content=\"Est. reading time\" \/>\n\t<meta name=\"twitter:data1\" content=\"1 minute\" \/>\n<script type=\"application\/ld+json\" class=\"yoast-schema-graph\">{\"@context\":\"https:\/\/schema.org\",\"@graph\":[{\"@type\":\"WebPage\",\"@id\":\"https:\/\/www.digitalpresence.be\/en\/ref\/velassima\/\",\"url\":\"https:\/\/www.digitalpresence.be\/en\/ref\/velassima\/\",\"name\":\"V\u00e9lassima - Digital Presence\",\"isPartOf\":{\"@id\":\"https:\/\/www.digitalpresence.be\/en\/#website\"},\"primaryImageOfPage\":{\"@id\":\"https:\/\/www.digitalpresence.be\/en\/ref\/velassima\/#primaryimage\"},\"image\":{\"@id\":\"https:\/\/www.digitalpresence.be\/en\/ref\/velassima\/#primaryimage\"},\"thumbnailUrl\":\"https:\/\/www.digitalpresence.be\/wp-content\/uploads\/2025\/10\/velassima-ref.webp\",\"datePublished\":\"2025-10-01T08:19:17+00:00\",\"dateModified\":\"2025-10-01T08:24:11+00:00\",\"breadcrumb\":{\"@id\":\"https:\/\/www.digitalpresence.be\/en\/ref\/velassima\/#breadcrumb\"},\"inLanguage\":\"en-US\",\"potentialAction\":[{\"@type\":\"ReadAction\",\"target\":[\"https:\/\/www.digitalpresence.be\/en\/ref\/velassima\/\"]}]},{\"@type\":\"ImageObject\",\"inLanguage\":\"en-US\",\"@id\":\"https:\/\/www.digitalpresence.be\/en\/ref\/velassima\/#primaryimage\",\"url\":\"https:\/\/www.digitalpresence.be\/wp-content\/uploads\/2025\/10\/velassima-ref.webp\",\"contentUrl\":\"https:\/\/www.digitalpresence.be\/wp-content\/uploads\/2025\/10\/velassima-ref.webp\",\"width\":600,\"height\":450,\"caption\":\"V\u00e9lassima un capitaine de bateau exp\u00e9riment\u00e9 pour votre\"},{\"@type\":\"BreadcrumbList\",\"@id\":\"https:\/\/www.digitalpresence.be\/en\/ref\/velassima\/#breadcrumb\",\"itemListElement\":[{\"@type\":\"ListItem\",\"position\":1,\"name\":\"Accueil\",\"item\":\"https:\/\/www.digitalpresence.be\/en\/\"},{\"@type\":\"ListItem\",\"position\":2,\"name\":\"References\",\"item\":\"https:\/\/www.digitalpresence.be\/en\/portfolio\/\"},{\"@type\":\"ListItem\",\"position\":3,\"name\":\"V\u00e9lassima\"}]},{\"@type\":\"WebSite\",\"@id\":\"https:\/\/www.digitalpresence.be\/en\/#website\",\"url\":\"https:\/\/www.digitalpresence.be\/en\/\",\"name\":\"Digital Presence\",\"description\":\"WordPress Agency Brussels\",\"publisher\":{\"@id\":\"https:\/\/www.digitalpresence.be\/en\/#organization\"},\"alternateName\":\"DigtialPresence\",\"potentialAction\":[{\"@type\":\"SearchAction\",\"target\":{\"@type\":\"EntryPoint\",\"urlTemplate\":\"https:\/\/www.digitalpresence.be\/en\/?s={search_term_string}\"},\"query-input\":{\"@type\":\"PropertyValueSpecification\",\"valueRequired\":true,\"valueName\":\"search_term_string\"}}],\"inLanguage\":\"en-US\"},{\"@type\":\"Organization\",\"@id\":\"https:\/\/www.digitalpresence.be\/en\/#organization\",\"name\":\"Digital Presence\",\"alternateName\":\"DigitalPresence\",\"url\":\"https:\/\/www.digitalpresence.be\/en\/\",\"logo\":{\"@type\":\"ImageObject\",\"inLanguage\":\"en-US\",\"@id\":\"https:\/\/www.digitalpresence.be\/en\/#\/schema\/logo\/image\/\",\"url\":\"https:\/\/digitalpresence.be\/wp-content\/uploads\/2024\/10\/digital-presence.webp\",\"contentUrl\":\"https:\/\/digitalpresence.be\/wp-content\/uploads\/2024\/10\/digital-presence.webp\",\"width\":400,\"height\":400,\"caption\":\"Digital Presence\"},\"image\":{\"@id\":\"https:\/\/www.digitalpresence.be\/en\/#\/schema\/logo\/image\/\"}}]}<\/script>\n<!-- \/ Yoast SEO plugin. -->","yoast_head_json":{"title":"V\u00e9lassima - Digital Presence","robots":{"index":"index","follow":"follow","max-snippet":"max-snippet:-1","max-image-preview":"max-image-preview:large","max-video-preview":"max-video-preview:-1"},"canonical":"https:\/\/www.digitalpresence.be\/en\/ref\/velassima\/","og_locale":"en_US","og_type":"article","og_title":"V\u00e9lassima - Digital Presence","og_description":"WordPress website development for V\u00e9lassima (in French). Custom design and implementation on WordPress. V\u00e9lassima is a French company that supports you in acquiring the boat of your dreams, and also offers delivery services as well as personalized coaching.  View website","og_url":"https:\/\/www.digitalpresence.be\/en\/ref\/velassima\/","og_site_name":"Digital Presence","article_modified_time":"2025-10-01T08:24:11+00:00","og_image":[{"width":600,"height":450,"url":"https:\/\/www.digitalpresence.be\/wp-content\/uploads\/2025\/10\/velassima-ref.webp","type":"image\/webp"}],"twitter_card":"summary_large_image","twitter_misc":{"Est. reading time":"1 minute"},"schema":{"@context":"https:\/\/schema.org","@graph":[{"@type":"WebPage","@id":"https:\/\/www.digitalpresence.be\/en\/ref\/velassima\/","url":"https:\/\/www.digitalpresence.be\/en\/ref\/velassima\/","name":"V\u00e9lassima - Digital Presence","isPartOf":{"@id":"https:\/\/www.digitalpresence.be\/en\/#website"},"primaryImageOfPage":{"@id":"https:\/\/www.digitalpresence.be\/en\/ref\/velassima\/#primaryimage"},"image":{"@id":"https:\/\/www.digitalpresence.be\/en\/ref\/velassima\/#primaryimage"},"thumbnailUrl":"https:\/\/www.digitalpresence.be\/wp-content\/uploads\/2025\/10\/velassima-ref.webp","datePublished":"2025-10-01T08:19:17+00:00","dateModified":"2025-10-01T08:24:11+00:00","breadcrumb":{"@id":"https:\/\/www.digitalpresence.be\/en\/ref\/velassima\/#breadcrumb"},"inLanguage":"en-US","potentialAction":[{"@type":"ReadAction","target":["https:\/\/www.digitalpresence.be\/en\/ref\/velassima\/"]}]},{"@type":"ImageObject","inLanguage":"en-US","@id":"https:\/\/www.digitalpresence.be\/en\/ref\/velassima\/#primaryimage","url":"https:\/\/www.digitalpresence.be\/wp-content\/uploads\/2025\/10\/velassima-ref.webp","contentUrl":"https:\/\/www.digitalpresence.be\/wp-content\/uploads\/2025\/10\/velassima-ref.webp","width":600,"height":450,"caption":"V\u00e9lassima un capitaine de bateau exp\u00e9riment\u00e9 pour votre"},{"@type":"BreadcrumbList","@id":"https:\/\/www.digitalpresence.be\/en\/ref\/velassima\/#breadcrumb","itemListElement":[{"@type":"ListItem","position":1,"name":"Accueil","item":"https:\/\/www.digitalpresence.be\/en\/"},{"@type":"ListItem","position":2,"name":"References","item":"https:\/\/www.digitalpresence.be\/en\/portfolio\/"},{"@type":"ListItem","position":3,"name":"V\u00e9lassima"}]},{"@type":"WebSite","@id":"https:\/\/www.digitalpresence.be\/en\/#website","url":"https:\/\/www.digitalpresence.be\/en\/","name":"Digital Presence","description":"WordPress Agency Brussels","publisher":{"@id":"https:\/\/www.digitalpresence.be\/en\/#organization"},"alternateName":"DigtialPresence","potentialAction":[{"@type":"SearchAction","target":{"@type":"EntryPoint","urlTemplate":"https:\/\/www.digitalpresence.be\/en\/?s={search_term_string}"},"query-input":{"@type":"PropertyValueSpecification","valueRequired":true,"valueName":"search_term_string"}}],"inLanguage":"en-US"},{"@type":"Organization","@id":"https:\/\/www.digitalpresence.be\/en\/#organization","name":"Digital Presence","alternateName":"DigitalPresence","url":"https:\/\/www.digitalpresence.be\/en\/","logo":{"@type":"ImageObject","inLanguage":"en-US","@id":"https:\/\/www.digitalpresence.be\/en\/#\/schema\/logo\/image\/","url":"https:\/\/digitalpresence.be\/wp-content\/uploads\/2024\/10\/digital-presence.webp","contentUrl":"https:\/\/digitalpresence.be\/wp-content\/uploads\/2024\/10\/digital-presence.webp","width":400,"height":400,"caption":"Digital Presence"},"image":{"@id":"https:\/\/www.digitalpresence.be\/en\/#\/schema\/logo\/image\/"}}]}},"_links":{"self":[{"href":"https:\/\/www.digitalpresence.be\/en\/wp-json\/wp\/v2\/product\/11368","targetHints":{"allow":["GET"]}}],"collection":[{"href":"https:\/\/www.digitalpresence.be\/en\/wp-json\/wp\/v2\/product"}],"about":[{"href":"https:\/\/www.digitalpresence.be\/en\/wp-json\/wp\/v2\/types\/product"}],"wp:featuredmedia":[{"embeddable":true,"href":"https:\/\/www.digitalpresence.be\/en\/wp-json\/wp\/v2\/media\/11364"}],"wp:attachment":[{"href":"https:\/\/www.digitalpresence.be\/en\/wp-json\/wp\/v2\/media?parent=11368"}],"wp:term":[{"taxonomy":"product_brand","embeddable":true,"href":"https:\/\/www.digitalpresence.be\/en\/wp-json\/wp\/v2\/product_brand?post=11368"},{"taxonomy":"product_cat","embeddable":true,"href":"https:\/\/www.digitalpresence.be\/en\/wp-json\/wp\/v2\/product_cat?post=11368"},{"taxonomy":"product_tag","embeddable":true,"href":"https:\/\/www.digitalpresence.be\/en\/wp-json\/wp\/v2\/product_tag?post=11368"}],"curies":[{"name":"wp","href":"https:\/\/api.w.org\/{rel}","templated":true}]}}