{"id":11092,"date":"2024-10-06T15:38:08","date_gmt":"2024-10-06T15:38:08","guid":{"rendered":"https:\/\/digitalpresence.be\/ref\/removals-monfort\/"},"modified":"2024-10-16T09:03:37","modified_gmt":"2024-10-16T09:03:37","slug":"removals-monfort","status":"publish","type":"product","link":"https:\/\/www.digitalpresence.be\/en\/ref\/removals-monfort\/","title":{"rendered":"Monfort D\u00e9m\u00e9nagement"},"content":{"rendered":"","protected":false},"excerpt":{"rendered":"<p>Creation of the D\u00e9m\u00e9nagement Monfort website in French using WordPress. D\u00e9m\u00e9nagement Monfort was a Belgian company specializing in national and international removals. The company ceased operations in December 2024.  <\/p>\n","protected":false},"featured_media":10954,"template":"","meta":[],"product_brand":[],"product_cat":[117],"product_tag":[135,126,125,134,133,131,127,129],"class_list":{"0":"post-11092","1":"product","2":"type-product","3":"status-publish","4":"has-post-thumbnail","6":"product_cat-wordpress-en","7":"product_tag-copyright-en","8":"product_tag-dutch","9":"product_tag-french","10":"product_tag-logo-en","11":"product_tag-sea-en","12":"product_tag-security","13":"product_tag-seo-en","14":"product_tag-web-design-en","16":"first","17":"instock","18":"shipping-taxable","19":"product-type-simple"},"yoast_head":"<!-- This site is optimized with the Yoast SEO plugin v27.4 - https:\/\/yoast.com\/product\/yoast-seo-wordpress\/ -->\n<title>Monfort D\u00e9m\u00e9nagement - Digital Presence<\/title>\n<meta name=\"robots\" content=\"index, follow, max-snippet:-1, max-image-preview:large, max-video-preview:-1\" \/>\n<link rel=\"canonical\" href=\"https:\/\/www.digitalpresence.be\/en\/ref\/removals-monfort\/\" \/>\n<meta property=\"og:locale\" content=\"en_US\" \/>\n<meta property=\"og:type\" content=\"article\" \/>\n<meta property=\"og:title\" content=\"Monfort D\u00e9m\u00e9nagement - Digital Presence\" \/>\n<meta property=\"og:description\" content=\"Creation of the D\u00e9m\u00e9nagement Monfort website in French using WordPress. D\u00e9m\u00e9nagement Monfort was a Belgian company specializing in national and international removals. The company ceased operations in December 2024.\" \/>\n<meta property=\"og:url\" content=\"https:\/\/www.digitalpresence.be\/en\/ref\/removals-monfort\/\" \/>\n<meta property=\"og:site_name\" content=\"Digital Presence\" \/>\n<meta property=\"article:modified_time\" content=\"2024-10-16T09:03:37+00:00\" \/>\n<meta property=\"og:image\" content=\"https:\/\/www.digitalpresence.be\/wp-content\/uploads\/2024\/10\/monfort-demenagement.webp\" \/>\n\t<meta property=\"og:image:width\" content=\"600\" \/>\n\t<meta property=\"og:image:height\" content=\"450\" \/>\n\t<meta property=\"og:image:type\" content=\"image\/webp\" \/>\n<meta name=\"twitter:card\" content=\"summary_large_image\" \/>\n<meta name=\"twitter:label1\" content=\"Est. reading time\" \/>\n\t<meta name=\"twitter:data1\" content=\"1 minute\" \/>\n<script type=\"application\/ld+json\" class=\"yoast-schema-graph\">{\"@context\":\"https:\\\/\\\/schema.org\",\"@graph\":[{\"@type\":\"WebPage\",\"@id\":\"https:\\\/\\\/www.digitalpresence.be\\\/en\\\/ref\\\/removals-monfort\\\/\",\"url\":\"https:\\\/\\\/www.digitalpresence.be\\\/en\\\/ref\\\/removals-monfort\\\/\",\"name\":\"Monfort D\u00e9m\u00e9nagement - Digital Presence\",\"isPartOf\":{\"@id\":\"https:\\\/\\\/www.digitalpresence.be\\\/en\\\/#website\"},\"primaryImageOfPage\":{\"@id\":\"https:\\\/\\\/www.digitalpresence.be\\\/en\\\/ref\\\/removals-monfort\\\/#primaryimage\"},\"image\":{\"@id\":\"https:\\\/\\\/www.digitalpresence.be\\\/en\\\/ref\\\/removals-monfort\\\/#primaryimage\"},\"thumbnailUrl\":\"https:\\\/\\\/www.digitalpresence.be\\\/wp-content\\\/uploads\\\/2024\\\/10\\\/monfort-demenagement.webp\",\"datePublished\":\"2024-10-06T15:38:08+00:00\",\"dateModified\":\"2024-10-16T09:03:37+00:00\",\"breadcrumb\":{\"@id\":\"https:\\\/\\\/www.digitalpresence.be\\\/en\\\/ref\\\/removals-monfort\\\/#breadcrumb\"},\"inLanguage\":\"en-US\",\"potentialAction\":[{\"@type\":\"ReadAction\",\"target\":[\"https:\\\/\\\/www.digitalpresence.be\\\/en\\\/ref\\\/removals-monfort\\\/\"]}]},{\"@type\":\"ImageObject\",\"inLanguage\":\"en-US\",\"@id\":\"https:\\\/\\\/www.digitalpresence.be\\\/en\\\/ref\\\/removals-monfort\\\/#primaryimage\",\"url\":\"https:\\\/\\\/www.digitalpresence.be\\\/wp-content\\\/uploads\\\/2024\\\/10\\\/monfort-demenagement.webp\",\"contentUrl\":\"https:\\\/\\\/www.digitalpresence.be\\\/wp-content\\\/uploads\\\/2024\\\/10\\\/monfort-demenagement.webp\",\"width\":600,\"height\":450,\"caption\":\"Monfort D\u00e9m\u00e9nagement\"},{\"@type\":\"BreadcrumbList\",\"@id\":\"https:\\\/\\\/www.digitalpresence.be\\\/en\\\/ref\\\/removals-monfort\\\/#breadcrumb\",\"itemListElement\":[{\"@type\":\"ListItem\",\"position\":1,\"name\":\"Accueil\",\"item\":\"https:\\\/\\\/www.digitalpresence.be\\\/en\\\/\"},{\"@type\":\"ListItem\",\"position\":2,\"name\":\"References\",\"item\":\"https:\\\/\\\/www.digitalpresence.be\\\/en\\\/portfolio\\\/\"},{\"@type\":\"ListItem\",\"position\":3,\"name\":\"Monfort D\u00e9m\u00e9nagement\"}]},{\"@type\":\"WebSite\",\"@id\":\"https:\\\/\\\/www.digitalpresence.be\\\/en\\\/#website\",\"url\":\"https:\\\/\\\/www.digitalpresence.be\\\/en\\\/\",\"name\":\"Digital Presence\",\"description\":\"WordPress Agency Brussels\",\"publisher\":{\"@id\":\"https:\\\/\\\/www.digitalpresence.be\\\/en\\\/#organization\"},\"alternateName\":\"DigtialPresence\",\"potentialAction\":[{\"@type\":\"SearchAction\",\"target\":{\"@type\":\"EntryPoint\",\"urlTemplate\":\"https:\\\/\\\/www.digitalpresence.be\\\/en\\\/?s={search_term_string}\"},\"query-input\":{\"@type\":\"PropertyValueSpecification\",\"valueRequired\":true,\"valueName\":\"search_term_string\"}}],\"inLanguage\":\"en-US\"},{\"@type\":\"Organization\",\"@id\":\"https:\\\/\\\/www.digitalpresence.be\\\/en\\\/#organization\",\"name\":\"Digital Presence\",\"alternateName\":\"DigitalPresence\",\"url\":\"https:\\\/\\\/www.digitalpresence.be\\\/en\\\/\",\"logo\":{\"@type\":\"ImageObject\",\"inLanguage\":\"en-US\",\"@id\":\"https:\\\/\\\/www.digitalpresence.be\\\/en\\\/#\\\/schema\\\/logo\\\/image\\\/\",\"url\":\"https:\\\/\\\/digitalpresence.be\\\/wp-content\\\/uploads\\\/2024\\\/10\\\/digital-presence.webp\",\"contentUrl\":\"https:\\\/\\\/digitalpresence.be\\\/wp-content\\\/uploads\\\/2024\\\/10\\\/digital-presence.webp\",\"width\":400,\"height\":400,\"caption\":\"Digital Presence\"},\"image\":{\"@id\":\"https:\\\/\\\/www.digitalpresence.be\\\/en\\\/#\\\/schema\\\/logo\\\/image\\\/\"}}]}<\/script>\n<!-- \/ Yoast SEO plugin. -->","yoast_head_json":{"title":"Monfort D\u00e9m\u00e9nagement - Digital Presence","robots":{"index":"index","follow":"follow","max-snippet":"max-snippet:-1","max-image-preview":"max-image-preview:large","max-video-preview":"max-video-preview:-1"},"canonical":"https:\/\/www.digitalpresence.be\/en\/ref\/removals-monfort\/","og_locale":"en_US","og_type":"article","og_title":"Monfort D\u00e9m\u00e9nagement - Digital Presence","og_description":"Creation of the D\u00e9m\u00e9nagement Monfort website in French using WordPress. D\u00e9m\u00e9nagement Monfort was a Belgian company specializing in national and international removals. The company ceased operations in December 2024.","og_url":"https:\/\/www.digitalpresence.be\/en\/ref\/removals-monfort\/","og_site_name":"Digital Presence","article_modified_time":"2024-10-16T09:03:37+00:00","og_image":[{"width":600,"height":450,"url":"https:\/\/www.digitalpresence.be\/wp-content\/uploads\/2024\/10\/monfort-demenagement.webp","type":"image\/webp"}],"twitter_card":"summary_large_image","twitter_misc":{"Est. reading time":"1 minute"},"schema":{"@context":"https:\/\/schema.org","@graph":[{"@type":"WebPage","@id":"https:\/\/www.digitalpresence.be\/en\/ref\/removals-monfort\/","url":"https:\/\/www.digitalpresence.be\/en\/ref\/removals-monfort\/","name":"Monfort D\u00e9m\u00e9nagement - Digital Presence","isPartOf":{"@id":"https:\/\/www.digitalpresence.be\/en\/#website"},"primaryImageOfPage":{"@id":"https:\/\/www.digitalpresence.be\/en\/ref\/removals-monfort\/#primaryimage"},"image":{"@id":"https:\/\/www.digitalpresence.be\/en\/ref\/removals-monfort\/#primaryimage"},"thumbnailUrl":"https:\/\/www.digitalpresence.be\/wp-content\/uploads\/2024\/10\/monfort-demenagement.webp","datePublished":"2024-10-06T15:38:08+00:00","dateModified":"2024-10-16T09:03:37+00:00","breadcrumb":{"@id":"https:\/\/www.digitalpresence.be\/en\/ref\/removals-monfort\/#breadcrumb"},"inLanguage":"en-US","potentialAction":[{"@type":"ReadAction","target":["https:\/\/www.digitalpresence.be\/en\/ref\/removals-monfort\/"]}]},{"@type":"ImageObject","inLanguage":"en-US","@id":"https:\/\/www.digitalpresence.be\/en\/ref\/removals-monfort\/#primaryimage","url":"https:\/\/www.digitalpresence.be\/wp-content\/uploads\/2024\/10\/monfort-demenagement.webp","contentUrl":"https:\/\/www.digitalpresence.be\/wp-content\/uploads\/2024\/10\/monfort-demenagement.webp","width":600,"height":450,"caption":"Monfort D\u00e9m\u00e9nagement"},{"@type":"BreadcrumbList","@id":"https:\/\/www.digitalpresence.be\/en\/ref\/removals-monfort\/#breadcrumb","itemListElement":[{"@type":"ListItem","position":1,"name":"Accueil","item":"https:\/\/www.digitalpresence.be\/en\/"},{"@type":"ListItem","position":2,"name":"References","item":"https:\/\/www.digitalpresence.be\/en\/portfolio\/"},{"@type":"ListItem","position":3,"name":"Monfort D\u00e9m\u00e9nagement"}]},{"@type":"WebSite","@id":"https:\/\/www.digitalpresence.be\/en\/#website","url":"https:\/\/www.digitalpresence.be\/en\/","name":"Digital Presence","description":"WordPress Agency Brussels","publisher":{"@id":"https:\/\/www.digitalpresence.be\/en\/#organization"},"alternateName":"DigtialPresence","potentialAction":[{"@type":"SearchAction","target":{"@type":"EntryPoint","urlTemplate":"https:\/\/www.digitalpresence.be\/en\/?s={search_term_string}"},"query-input":{"@type":"PropertyValueSpecification","valueRequired":true,"valueName":"search_term_string"}}],"inLanguage":"en-US"},{"@type":"Organization","@id":"https:\/\/www.digitalpresence.be\/en\/#organization","name":"Digital Presence","alternateName":"DigitalPresence","url":"https:\/\/www.digitalpresence.be\/en\/","logo":{"@type":"ImageObject","inLanguage":"en-US","@id":"https:\/\/www.digitalpresence.be\/en\/#\/schema\/logo\/image\/","url":"https:\/\/digitalpresence.be\/wp-content\/uploads\/2024\/10\/digital-presence.webp","contentUrl":"https:\/\/digitalpresence.be\/wp-content\/uploads\/2024\/10\/digital-presence.webp","width":400,"height":400,"caption":"Digital Presence"},"image":{"@id":"https:\/\/www.digitalpresence.be\/en\/#\/schema\/logo\/image\/"}}]}},"_links":{"self":[{"href":"https:\/\/www.digitalpresence.be\/en\/wp-json\/wp\/v2\/product\/11092","targetHints":{"allow":["GET"]}}],"collection":[{"href":"https:\/\/www.digitalpresence.be\/en\/wp-json\/wp\/v2\/product"}],"about":[{"href":"https:\/\/www.digitalpresence.be\/en\/wp-json\/wp\/v2\/types\/product"}],"wp:featuredmedia":[{"embeddable":true,"href":"https:\/\/www.digitalpresence.be\/en\/wp-json\/wp\/v2\/media\/10954"}],"wp:attachment":[{"href":"https:\/\/www.digitalpresence.be\/en\/wp-json\/wp\/v2\/media?parent=11092"}],"wp:term":[{"taxonomy":"product_brand","embeddable":true,"href":"https:\/\/www.digitalpresence.be\/en\/wp-json\/wp\/v2\/product_brand?post=11092"},{"taxonomy":"product_cat","embeddable":true,"href":"https:\/\/www.digitalpresence.be\/en\/wp-json\/wp\/v2\/product_cat?post=11092"},{"taxonomy":"product_tag","embeddable":true,"href":"https:\/\/www.digitalpresence.be\/en\/wp-json\/wp\/v2\/product_tag?post=11092"}],"curies":[{"name":"wp","href":"https:\/\/api.w.org\/{rel}","templated":true}]}}